{"id":26451,"date":"2017-09-19T12:24:08","date_gmt":"2017-09-19T10:24:08","guid":{"rendered":"https:\/\/www.sedlbauer.de\/company\/career\/"},"modified":"2024-04-10T10:59:27","modified_gmt":"2024-04-10T08:59:27","slug":"career","status":"publish","type":"page","link":"https:\/\/www.sedlbauer.de\/en\/company\/career\/","title":{"rendered":"Career"},"content":{"rendered":"<p>[et_pb_section fb_built=&#8221;1&#8243; _builder_version=&#8221;4.16&#8243; _module_preset=&#8221;default&#8221; global_colors_info=&#8221;{}&#8221;][et_pb_row _builder_version=&#8221;4.19.1&#8243; _module_preset=&#8221;default&#8221; global_colors_info=&#8221;{}&#8221;][et_pb_column type=&#8221;4_4&#8243; _builder_version=&#8221;4.19.1&#8243; _module_preset=&#8221;default&#8221; global_colors_info=&#8221;{}&#8221;][et_pb_text admin_label=&#8221;Wir freuen uns auf Sie!&#8221; _builder_version=&#8221;4.23&#8243; _module_preset=&#8221;default&#8221; global_colors_info=&#8221;{}&#8221;]<\/p>\n<h2>Shape the future with us!<\/h2>\n<\/p>\n<p>We are looking for talented and motivated people who are passionate about our projects. Whether you already have experience in a particular field or are just starting out in your career, you will find a wide range of opportunities to develop your skills and realize your professional goals.<\/p>\n<p>Our employees are our most valuable asset. That&#8217;s why we invest in your personal and professional development. In addition to exciting tasks, we offer attractive benefits and a supportive working environment.<\/p>\n<p>Follow the pioneering spirit of our founder Wilhelm Sedlbauer and be part of the development of innovative and forward-looking technologies &#8211; together for tomorrow!<\/p>\n<\/p>\n<p>[\/et_pb_text][\/et_pb_column][\/et_pb_row][et_pb_row column_structure=&#8221;1_2,1_2&#8243; admin_label=&#8221;Since &#8211; 1899&#8243; _builder_version=&#8221;4.23&#8243; _module_preset=&#8221;default&#8221; width=&#8221;60%&#8221; custom_css_main_element=&#8221;display:flex;&#8221; global_module=&#8221;31244&#8243; saved_tabs=&#8221;all&#8221; locked=&#8221;off&#8221; global_colors_info=&#8221;{}&#8221;][et_pb_column type=&#8221;1_2&#8243; _builder_version=&#8221;4.23&#8243; _module_preset=&#8221;default&#8221; custom_css_main_element=&#8221;margin:auto;&#8221; global_colors_info=&#8221;{}&#8221;][et_pb_number_counter title=&#8221;Since&#8221; number=&#8221;1899&#8243; percent_sign=&#8221;off&#8221; _builder_version=&#8221;4.23&#8243; _module_preset=&#8221;default&#8221; number_font=&#8221;|700|||||||&#8221; number_font_size=&#8221;70px&#8221; number_font_size_tablet=&#8221;60px&#8221; number_font_size_phone=&#8221;60px&#8221; number_font_size_last_edited=&#8221;on|phone&#8221; custom_css_main_element=&#8221;flex-direction: column-reverse;||display: flex;&#8221; global_colors_info=&#8221;{}&#8221;][\/et_pb_number_counter][\/et_pb_column][et_pb_column type=&#8221;1_2&#8243; _builder_version=&#8221;4.23&#8243; _module_preset=&#8221;default&#8221; global_colors_info=&#8221;{}&#8221;][et_pb_image src=&#8221;https:\/\/www.sedlbauer.de\/wp-content\/uploads\/2024\/03\/wilhelm_sedlbauer_kopf.png&#8221; title_text=&#8221;wilhelm_sedlbauer_head&#8221; align_tablet=&#8221;center&#8221; align_phone=&#8221;center&#8221; align_last_edited=&#8221;on|phone&#8221; _builder_version=&#8221;4.23&#8243; _module_preset=&#8221;default&#8221; global_colors_info=&#8221;{}&#8221;][\/et_pb_image][\/et_pb_column][\/et_pb_row][et_pb_row _builder_version=&#8221;4.23&#8243; _module_preset=&#8221;default&#8221; global_colors_info=&#8221;{}&#8221;][et_pb_column type=&#8221;4_4&#8243; _builder_version=&#8221;4.23&#8243; _module_preset=&#8221;default&#8221; global_colors_info=&#8221;{}&#8221;][et_pb_text _builder_version=&#8221;4.23&#8243; _module_preset=&#8221;default&#8221; global_colors_info=&#8221;{}&#8221;]<\/p>\n<\/p>\n<p>[\/et_pb_text][\/et_pb_column][\/et_pb_row][\/et_pb_section][et_pb_section fb_built=&#8221;1&#8243; _builder_version=&#8221;4.16&#8243; _module_preset=&#8221;default&#8221; background_color=&#8221;rgba(207,209,210,0.47)&#8221; custom_margin=&#8221;||||false|false&#8221; custom_padding=&#8221;0px|0px|50px|0px|false|false&#8221; custom_css_main_element=&#8221;-webkit-box-shadow: inset 0px 50px 0px 0px #FFFFFF; ||box-shadow: inset 0px 50px 0px 0px #FFFFFF;&#8221; locked=&#8221;off&#8221; global_colors_info=&#8221;{}&#8221;][et_pb_row column_structure=&#8221;1_6,1_6,1_6,1_6,1_6,1_6&#8243; use_custom_gutter=&#8221;on&#8221; make_equal=&#8221;on&#8221; module_class=&#8221;boxbalken boxbg&#8221; _builder_version=&#8221;4.23&#8243; _module_preset=&#8221;default&#8221; background_color=&#8221;RGBA(255,255,255,0)&#8221; background_enable_color=&#8221;on&#8221; width=&#8221;90%&#8221; min_height=&#8221;480px&#8221; min_height_tablet=&#8221;480px&#8221; min_height_phone=&#8221;480px&#8221; min_height_last_edited=&#8221;on|desktop&#8221; custom_margin_tablet=&#8221;0px||0px||false|false&#8221; custom_margin_phone=&#8221;0px||||false|false&#8221; custom_margin_last_edited=&#8221;on|desktop&#8221; locked=&#8221;off&#8221; collapsed=&#8221;off&#8221; global_colors_info=&#8221;{}&#8221;][et_pb_column type=&#8221;1_6&#8243; _builder_version=&#8221;4.16&#8243; _module_preset=&#8221;default&#8221; global_colors_info=&#8221;{}&#8221;][et_pb_blurb image=&#8221;https:\/\/www.sedlbauer.de\/wp-content\/uploads\/2024\/03\/karriere_keyvisual_vorschaubild.jpg&#8221; admin_label=&#8221;Als Arbeitgeber &#8221; _builder_version=&#8221;4.23&#8243; _module_preset=&#8221;default&#8221; body_line_height=&#8221;1.2em&#8221; background_color=&#8221;#ffffff&#8221; height=&#8221;100%&#8221; link_option_url=&#8221;https:\/\/www.sedlbauer.de\/en\/company\/career\/sedlbauer-as-employer\/&#8221; custom_css_free_form=&#8221;.entry-content ul li{||  margin-bottom:8px;||\tline-height:1.2em;||}&#8221; box_shadow_style=&#8221;preset3&#8243; global_colors_info=&#8221;{}&#8221;]<\/p>\n<h1 style=\"text-align: center;\">ABOUT US<\/h1>\n<p>[\/et_pb_blurb][\/et_pb_column][et_pb_column type=&#8221;1_6&#8243; _builder_version=&#8221;4.16&#8243; _module_preset=&#8221;default&#8221; global_colors_info=&#8221;{}&#8221;][et_pb_blurb image=&#8221;https:\/\/www.sedlbauer.de\/wp-content\/uploads\/2024\/03\/karriere_benefits_vorschaubild.jpg&#8221; admin_label=&#8221;Benefits&#8221; _builder_version=&#8221;4.23&#8243; _module_preset=&#8221;default&#8221; body_line_height=&#8221;1.2em&#8221; background_color=&#8221;#ffffff&#8221; height=&#8221;100%&#8221; link_option_url=&#8221;https:\/\/www.sedlbauer.de\/unternehmen\/karriere\/benefits\/&#8221; custom_css_free_form=&#8221;.entry-content ul li{||  margin-bottom:8px;||\tline-height:1.2em;||}&#8221; box_shadow_style=&#8221;preset3&#8243; global_colors_info=&#8221;{}&#8221;]<\/p>\n<h1 style=\"text-align: center;\">BENEFITS<\/h1>\n<p>[\/et_pb_blurb][\/et_pb_column][et_pb_column type=&#8221;1_6&#8243; _builder_version=&#8221;4.16&#8243; _module_preset=&#8221;default&#8221; global_colors_info=&#8221;{}&#8221;][et_pb_blurb image=&#8221;https:\/\/www.sedlbauer.de\/wp-content\/uploads\/2024\/03\/karriere_stellenangebote_vorschaubild.jpg&#8221; admin_label=&#8221;Aktuelle Stellenangebote&#8221; _builder_version=&#8221;4.23&#8243; _module_preset=&#8221;default&#8221; body_line_height=&#8221;1.2em&#8221; background_color=&#8221;#ffffff&#8221; height=&#8221;100%&#8221; link_option_url=&#8221;https:\/\/www.sedlbauer.de\/stellenangebote\/&#8221; custom_css_free_form=&#8221;.entry-content ul li{||  margin-bottom:8px;||\tline-height:1.2em;||}&#8221; box_shadow_style=&#8221;preset3&#8243; global_colors_info=&#8221;{}&#8221;]<\/p>\n<h1 style=\"text-align: center;\">JOB OFFERS<\/h1>\n<p>[\/et_pb_blurb][\/et_pb_column][et_pb_column type=&#8221;1_6&#8243; _builder_version=&#8221;4.16&#8243; _module_preset=&#8221;default&#8221; global_colors_info=&#8221;{}&#8221;][et_pb_blurb image=&#8221;https:\/\/www.sedlbauer.de\/wp-content\/uploads\/2024\/03\/karriere_azubis_vorschaubild.jpg&#8221; admin_label=&#8221;Auszubildende&#8221; _builder_version=&#8221;4.23&#8243; _module_preset=&#8221;default&#8221; body_line_height=&#8221;1.2em&#8221; background_color=&#8221;#ffffff&#8221; height=&#8221;100%&#8221; link_option_url=&#8221;https:\/\/www.sedlbauer.de\/unternehmen\/karriere\/auszubildende\/&#8221; custom_css_free_form=&#8221;.entry-content ul li{||  margin-bottom:8px;||\tline-height:1.2em;||}&#8221; box_shadow_style=&#8221;preset3&#8243; global_colors_info=&#8221;{}&#8221;]<\/p>\n<h1 style=\"text-align: center;\">APPRENTICES<\/h1>\n<p>[\/et_pb_blurb][\/et_pb_column][et_pb_column type=&#8221;1_6&#8243; _builder_version=&#8221;4.16&#8243; _module_preset=&#8221;default&#8221; global_colors_info=&#8221;{}&#8221;][et_pb_blurb image=&#8221;https:\/\/www.sedlbauer.de\/wp-content\/uploads\/2024\/03\/karriere_studenten_vorschaubild.jpg&#8221; admin_label=&#8221;Studierende&#8221; _builder_version=&#8221;4.23&#8243; _module_preset=&#8221;default&#8221; body_line_height=&#8221;1.2em&#8221; background_color=&#8221;#ffffff&#8221; height=&#8221;100%&#8221; link_option_url=&#8221;https:\/\/www.sedlbauer.de\/unternehmen\/karriere\/studierende\/&#8221; custom_css_free_form=&#8221;.entry-content ul li{||  margin-bottom:8px;||\tline-height:1.2em;||}&#8221; box_shadow_style=&#8221;preset3&#8243; global_colors_info=&#8221;{}&#8221;]<\/p>\n<h1 style=\"text-align: center;\">STUDENTS<\/h1>\n<p>[\/et_pb_blurb][\/et_pb_column][et_pb_column type=&#8221;1_6&#8243; _builder_version=&#8221;4.16&#8243; _module_preset=&#8221;default&#8221; global_colors_info=&#8221;{}&#8221;][et_pb_blurb image=&#8221;https:\/\/www.sedlbauer.de\/wp-content\/uploads\/2024\/04\/karriere_ferienjobs_vorschaubild.jpg&#8221; admin_label=&#8221;Ferienjobs\/Praktika&#8221; _builder_version=&#8221;4.23&#8243; _module_preset=&#8221;default&#8221; body_line_height=&#8221;1.2em&#8221; background_color=&#8221;#ffffff&#8221; height=&#8221;100%&#8221; link_option_url=&#8221;https:\/\/www.sedlbauer.de\/en\/?page_id=31502&#8243; custom_css_free_form=&#8221;.entry-content ul li{||  margin-bottom:8px;||\tline-height:1.2em;||}&#8221; box_shadow_style=&#8221;preset3&#8243; global_colors_info=&#8221;{}&#8221;]<\/p>\n<h1 style=\"text-align: center;\">VACATION JOBS \/ INTERNSHIPS<\/h1>\n<p>[\/et_pb_blurb][\/et_pb_column][\/et_pb_row][\/et_pb_section]<\/p>\n","protected":false},"excerpt":{"rendered":"<p>Shape the future with us! We are looking for talented and motivated people who are passionate about our projects. Whether you already have experience in a particular field or are just starting out in your career, you will find a wide range of opportunities to develop your skills and realize your professional goals. Our employees [&hellip;]<\/p>\n","protected":false},"author":1,"featured_media":25190,"parent":26442,"menu_order":0,"comment_status":"closed","ping_status":"closed","template":"","meta":{"_acf_changed":false,"_et_pb_use_builder":"on","_et_pb_old_content":"<h2>Erfolgsmodell Familienunternehmen<\/h2><p>Deutronic ist ein<strong> innovatives Familienunternehmen<\/strong> aus Adlkofen (bei Landshut). Als inhabergef\u00fchrtes mittelst\u00e4ndisches Unternehmen haben wir <strong>hohe Wertvorstellungen<\/strong> im Umgang und Verhalten miteinander.<br \/> Eine offene und famili\u00e4re Unternehmenskultur zeichnet Deutronic als attraktiven Arbeitgeber aus.<\/p><h2>Mit Laptop und Lederhose<\/h2><p>Alle Deutronicer(innen) streben nach Innovation und Perfektion \u2013 ohne dabei die Tradition aus den Augen zu verlieren. Anerkennung und Wertsch\u00e4tzung im Team schaffen die Grundlage f\u00fcr eine angenehme Arbeitsatmosph\u00e4re.<br \/> <strong>Eigenverantwortliches Arbeiten<\/strong> in anspruchsvollen und abwechslungsreichen Aufgaben und T\u00e4tigkeitsbereichen motiviert und fordert jede(n) Deutronicer(in).<\/p><h2>Gemeinsam ans Ziel<\/h2><p>Unsere Ziele verfolgen und erreichen wir gemeinsam. Im Laufe der Jahre haben wir uns auf eine Reihe gemeinsamer Werte verst\u00e4ndigt. Sie haben Einfluss auf die Unternehmenskultur und bestimmen das Verhalten eines(r) jeden Deutronicers(in).<\/p><ul><li><strong>Begeisterung<\/strong> f\u00fcr Technologie und Fortschritt<\/li><li><strong>Mehrwert<\/strong> f\u00fcr unsere Kunden schaffen<\/li><li><strong>Respekt<\/strong> im Umgang miteinander<\/li><li><strong>Partnerschaft<\/strong> zum gegenseitigen Vorteil<\/li><li><strong>Ver\u00e4nderung<\/strong> zulassen und aktiv mitgestalten<\/li><li><strong>Leistung<\/strong> f\u00fcr herausragende Ergebnisse<\/li><li><strong>Transparenz<\/strong> um Ideenreichtum und Innovation zu f\u00f6rdern<\/li><li><strong>\u00d6konomie<\/strong> Unternehmerisch nachhaltiges Handeln<\/li><\/ul><p><a href=\"\/stellenanzeigen\/\">Stellenangebote<\/a><\/p>","_et_gb_content_width":"","inline_featured_image":false,"footnotes":""},"class_list":["post-26451","page","type-page","status-publish","has-post-thumbnail","hentry"],"acf":[],"yoast_head":"<!-- This site is optimized with the Yoast SEO plugin v27.2 - https:\/\/yoast.com\/product\/yoast-seo-wordpress\/ -->\n<title>Career - Sedlbauer<\/title>\n<meta name=\"robots\" content=\"index, follow, max-snippet:-1, max-image-preview:large, max-video-preview:-1\" \/>\n<link rel=\"canonical\" href=\"https:\/\/www.sedlbauer.de\/en\/company\/career\/\" \/>\n<meta property=\"og:locale\" content=\"en_GB\" \/>\n<meta property=\"og:type\" content=\"article\" \/>\n<meta property=\"og:title\" content=\"Career - Sedlbauer\" \/>\n<meta property=\"og:description\" content=\"Shape the future with us! We are looking for talented and motivated people who are passionate about our projects. Whether you already have experience in a particular field or are just starting out in your career, you will find a wide range of opportunities to develop your skills and realize your professional goals. Our employees [&hellip;]\" \/>\n<meta property=\"og:site_name\" content=\"Sedlbauer\" \/>\n<meta property=\"article:modified_time\" content=\"2024-04-10T08:59:27+00:00\" \/>\n<meta property=\"og:image\" content=\"https:\/\/www.sedlbauer.de\/wp-content\/uploads\/2022\/03\/personal_1.jpg\" \/>\n\t<meta property=\"og:image:width\" content=\"2000\" \/>\n\t<meta property=\"og:image:height\" content=\"700\" \/>\n\t<meta property=\"og:image:type\" content=\"image\/jpeg\" \/>\n<meta name=\"twitter:card\" content=\"summary_large_image\" \/>\n<meta name=\"twitter:label1\" content=\"Estimated reading time\" \/>\n\t<meta name=\"twitter:data1\" content=\"4 minutes\" \/>\n<script type=\"application\/ld+json\" class=\"yoast-schema-graph\">{\"@context\":\"https:\/\/schema.org\",\"@graph\":[{\"@type\":\"WebPage\",\"@id\":\"https:\/\/www.sedlbauer.de\/en\/company\/career\/\",\"url\":\"https:\/\/www.sedlbauer.de\/en\/company\/career\/\",\"name\":\"Career - Sedlbauer\",\"isPartOf\":{\"@id\":\"https:\/\/www.sedlbauer.de\/en\/#website\"},\"primaryImageOfPage\":{\"@id\":\"https:\/\/www.sedlbauer.de\/en\/company\/career\/#primaryimage\"},\"image\":{\"@id\":\"https:\/\/www.sedlbauer.de\/en\/company\/career\/#primaryimage\"},\"thumbnailUrl\":\"https:\/\/www.sedlbauer.de\/wp-content\/uploads\/2022\/03\/personal_1.jpg\",\"datePublished\":\"2017-09-19T10:24:08+00:00\",\"dateModified\":\"2024-04-10T08:59:27+00:00\",\"breadcrumb\":{\"@id\":\"https:\/\/www.sedlbauer.de\/en\/company\/career\/#breadcrumb\"},\"inLanguage\":\"en-GB\",\"potentialAction\":[{\"@type\":\"ReadAction\",\"target\":[\"https:\/\/www.sedlbauer.de\/en\/company\/career\/\"]}]},{\"@type\":\"ImageObject\",\"inLanguage\":\"en-GB\",\"@id\":\"https:\/\/www.sedlbauer.de\/en\/company\/career\/#primaryimage\",\"url\":\"https:\/\/www.sedlbauer.de\/wp-content\/uploads\/2022\/03\/personal_1.jpg\",\"contentUrl\":\"https:\/\/www.sedlbauer.de\/wp-content\/uploads\/2022\/03\/personal_1.jpg\",\"width\":2000,\"height\":700},{\"@type\":\"BreadcrumbList\",\"@id\":\"https:\/\/www.sedlbauer.de\/en\/company\/career\/#breadcrumb\",\"itemListElement\":[{\"@type\":\"ListItem\",\"position\":1,\"name\":\"Home\",\"item\":\"https:\/\/www.sedlbauer.de\/en\/home-page-2\/\"},{\"@type\":\"ListItem\",\"position\":2,\"name\":\"Company\",\"item\":\"https:\/\/www.sedlbauer.de\/en\/company\/\"},{\"@type\":\"ListItem\",\"position\":3,\"name\":\"Career\"}]},{\"@type\":\"WebSite\",\"@id\":\"https:\/\/www.sedlbauer.de\/en\/#website\",\"url\":\"https:\/\/www.sedlbauer.de\/en\/\",\"name\":\"Sedlbauer\",\"description\":\"We empower your business success with specified solutions.\",\"publisher\":{\"@id\":\"https:\/\/www.sedlbauer.de\/en\/#organization\"},\"potentialAction\":[{\"@type\":\"SearchAction\",\"target\":{\"@type\":\"EntryPoint\",\"urlTemplate\":\"https:\/\/www.sedlbauer.de\/en\/?s={search_term_string}\"},\"query-input\":{\"@type\":\"PropertyValueSpecification\",\"valueRequired\":true,\"valueName\":\"search_term_string\"}}],\"inLanguage\":\"en-GB\"},{\"@type\":\"Organization\",\"@id\":\"https:\/\/www.sedlbauer.de\/en\/#organization\",\"name\":\"Sedlbauer AG\",\"url\":\"https:\/\/www.sedlbauer.de\/en\/\",\"logo\":{\"@type\":\"ImageObject\",\"inLanguage\":\"en-GB\",\"@id\":\"https:\/\/www.sedlbauer.de\/en\/#\/schema\/logo\/image\/\",\"url\":\"\",\"contentUrl\":\"\",\"caption\":\"Sedlbauer AG\"},\"image\":{\"@id\":\"https:\/\/www.sedlbauer.de\/en\/#\/schema\/logo\/image\/\"},\"sameAs\":[\"https:\/\/www.linkedin.com\/company\/sedlbauer-ag-sed-\"]}]}<\/script>\n<!-- \/ Yoast SEO plugin. -->","yoast_head_json":{"title":"Career - Sedlbauer","robots":{"index":"index","follow":"follow","max-snippet":"max-snippet:-1","max-image-preview":"max-image-preview:large","max-video-preview":"max-video-preview:-1"},"canonical":"https:\/\/www.sedlbauer.de\/en\/company\/career\/","og_locale":"en_GB","og_type":"article","og_title":"Career - Sedlbauer","og_description":"Shape the future with us! We are looking for talented and motivated people who are passionate about our projects. Whether you already have experience in a particular field or are just starting out in your career, you will find a wide range of opportunities to develop your skills and realize your professional goals. Our employees [&hellip;]","og_site_name":"Sedlbauer","article_modified_time":"2024-04-10T08:59:27+00:00","og_image":[{"width":2000,"height":700,"url":"https:\/\/www.sedlbauer.de\/wp-content\/uploads\/2022\/03\/personal_1.jpg","type":"image\/jpeg"}],"twitter_card":"summary_large_image","twitter_misc":{"Estimated reading time":"4 minutes"},"schema":{"@context":"https:\/\/schema.org","@graph":[{"@type":"WebPage","@id":"https:\/\/www.sedlbauer.de\/en\/company\/career\/","url":"https:\/\/www.sedlbauer.de\/en\/company\/career\/","name":"Career - Sedlbauer","isPartOf":{"@id":"https:\/\/www.sedlbauer.de\/en\/#website"},"primaryImageOfPage":{"@id":"https:\/\/www.sedlbauer.de\/en\/company\/career\/#primaryimage"},"image":{"@id":"https:\/\/www.sedlbauer.de\/en\/company\/career\/#primaryimage"},"thumbnailUrl":"https:\/\/www.sedlbauer.de\/wp-content\/uploads\/2022\/03\/personal_1.jpg","datePublished":"2017-09-19T10:24:08+00:00","dateModified":"2024-04-10T08:59:27+00:00","breadcrumb":{"@id":"https:\/\/www.sedlbauer.de\/en\/company\/career\/#breadcrumb"},"inLanguage":"en-GB","potentialAction":[{"@type":"ReadAction","target":["https:\/\/www.sedlbauer.de\/en\/company\/career\/"]}]},{"@type":"ImageObject","inLanguage":"en-GB","@id":"https:\/\/www.sedlbauer.de\/en\/company\/career\/#primaryimage","url":"https:\/\/www.sedlbauer.de\/wp-content\/uploads\/2022\/03\/personal_1.jpg","contentUrl":"https:\/\/www.sedlbauer.de\/wp-content\/uploads\/2022\/03\/personal_1.jpg","width":2000,"height":700},{"@type":"BreadcrumbList","@id":"https:\/\/www.sedlbauer.de\/en\/company\/career\/#breadcrumb","itemListElement":[{"@type":"ListItem","position":1,"name":"Home","item":"https:\/\/www.sedlbauer.de\/en\/home-page-2\/"},{"@type":"ListItem","position":2,"name":"Company","item":"https:\/\/www.sedlbauer.de\/en\/company\/"},{"@type":"ListItem","position":3,"name":"Career"}]},{"@type":"WebSite","@id":"https:\/\/www.sedlbauer.de\/en\/#website","url":"https:\/\/www.sedlbauer.de\/en\/","name":"Sedlbauer","description":"We empower your business success with specified solutions.","publisher":{"@id":"https:\/\/www.sedlbauer.de\/en\/#organization"},"potentialAction":[{"@type":"SearchAction","target":{"@type":"EntryPoint","urlTemplate":"https:\/\/www.sedlbauer.de\/en\/?s={search_term_string}"},"query-input":{"@type":"PropertyValueSpecification","valueRequired":true,"valueName":"search_term_string"}}],"inLanguage":"en-GB"},{"@type":"Organization","@id":"https:\/\/www.sedlbauer.de\/en\/#organization","name":"Sedlbauer AG","url":"https:\/\/www.sedlbauer.de\/en\/","logo":{"@type":"ImageObject","inLanguage":"en-GB","@id":"https:\/\/www.sedlbauer.de\/en\/#\/schema\/logo\/image\/","url":"","contentUrl":"","caption":"Sedlbauer AG"},"image":{"@id":"https:\/\/www.sedlbauer.de\/en\/#\/schema\/logo\/image\/"},"sameAs":["https:\/\/www.linkedin.com\/company\/sedlbauer-ag-sed-"]}]}},"_links":{"self":[{"href":"https:\/\/www.sedlbauer.de\/en\/wp-json\/wp\/v2\/pages\/26451","targetHints":{"allow":["GET"]}}],"collection":[{"href":"https:\/\/www.sedlbauer.de\/en\/wp-json\/wp\/v2\/pages"}],"about":[{"href":"https:\/\/www.sedlbauer.de\/en\/wp-json\/wp\/v2\/types\/page"}],"author":[{"embeddable":true,"href":"https:\/\/www.sedlbauer.de\/en\/wp-json\/wp\/v2\/users\/1"}],"replies":[{"embeddable":true,"href":"https:\/\/www.sedlbauer.de\/en\/wp-json\/wp\/v2\/comments?post=26451"}],"version-history":[{"count":61,"href":"https:\/\/www.sedlbauer.de\/en\/wp-json\/wp\/v2\/pages\/26451\/revisions"}],"predecessor-version":[{"id":31576,"href":"https:\/\/www.sedlbauer.de\/en\/wp-json\/wp\/v2\/pages\/26451\/revisions\/31576"}],"up":[{"embeddable":true,"href":"https:\/\/www.sedlbauer.de\/en\/wp-json\/wp\/v2\/pages\/26442"}],"wp:featuredmedia":[{"embeddable":true,"href":"https:\/\/www.sedlbauer.de\/en\/wp-json\/wp\/v2\/media\/25190"}],"wp:attachment":[{"href":"https:\/\/www.sedlbauer.de\/en\/wp-json\/wp\/v2\/media?parent=26451"}],"curies":[{"name":"wp","href":"https:\/\/api.w.org\/{rel}","templated":true}]}}