{"id":26425,"date":"2020-10-20T12:29:44","date_gmt":"2020-10-20T10:29:44","guid":{"rendered":"https:\/\/www.sedlbauer.de\/more\/locations\/"},"modified":"2022-05-30T12:29:38","modified_gmt":"2022-05-30T10:29:38","slug":"locations","status":"publish","type":"page","link":"https:\/\/www.sedlbauer.de\/en\/more\/locations\/","title":{"rendered":"Locations"},"content":{"rendered":"<p>[et_pb_section fb_built=&#8221;1&#8243; _builder_version=&#8221;4.16&#8243; _module_preset=&#8221;default&#8221; background_enable_color=&#8221;off&#8221; global_colors_info=&#8221;{}&#8221;][et_pb_row _builder_version=&#8221;4.16&#8243; _module_preset=&#8221;default&#8221; global_colors_info=&#8221;{}&#8221;][et_pb_column type=&#8221;4_4&#8243; _builder_version=&#8221;4.16&#8243; _module_preset=&#8221;default&#8221; global_colors_info=&#8221;{}&#8221;][et_pb_text admin_label=&#8221;Key Facts&#8221; _builder_version=&#8221;4.17.4&#8243; _module_preset=&#8221;default&#8221; hover_enabled=&#8221;0&#8243; global_colors_info=&#8221;{}&#8221; sticky_enabled=&#8221;0&#8243;]<\/p>\n<p><img loading=\"lazy\" decoding=\"async\" class=\"alignnone wp-image-26634 size-full\" src=\"https:\/\/www.sedlbauer.de\/wp-content\/uploads\/2022\/05\/key_facts_sedlbauer_2022_en-1.jpg\" alt=\"\" width=\"1200\" height=\"600\" srcset=\"https:\/\/www.sedlbauer.de\/wp-content\/uploads\/2022\/05\/key_facts_sedlbauer_2022_en-1.jpg 1200w, https:\/\/www.sedlbauer.de\/wp-content\/uploads\/2022\/05\/key_facts_sedlbauer_2022_en-1-980x490.jpg 980w, https:\/\/www.sedlbauer.de\/wp-content\/uploads\/2022\/05\/key_facts_sedlbauer_2022_en-1-480x240.jpg 480w\" sizes=\"(min-width: 0px) and (max-width: 480px) 480px, (min-width: 481px) and (max-width: 980px) 980px, (min-width: 981px) 1200px, 100vw\" \/><\/p>\n<p>&nbsp;<\/p>\n<p>&nbsp;<\/p>\n<p>[\/et_pb_text][\/et_pb_column][\/et_pb_row][\/et_pb_section][et_pb_section fb_built=&#8221;1&#8243; fullwidth=&#8221;on&#8221; _builder_version=&#8221;4.16&#8243; _module_preset=&#8221;default&#8221; locked=&#8221;off&#8221; global_colors_info=&#8221;{}&#8221;][et_pb_fullwidth_map address=&#8221;W.-Sedlbauer-Stra\u00dfe 2, 94481 Grafenau, Deutschland&#8221; zoom_level=&#8221;2&#8243; address_lat=&#8221;48.8783659&#8243; address_lng=&#8221;13.3962372&#8243; admin_label=&#8221;Vollbreite Karte&#8221; _builder_version=&#8221;4.16&#8243; _module_preset=&#8221;default&#8221; height=&#8221;650px&#8221; global_colors_info=&#8221;{}&#8221;][et_pb_map_pin title=&#8221;SEDLBAUER AG&#8221; pin_address=&#8221;W.-Sedlbauer-Stra\u00dfe 2, 94481 Grafenau, Deutschland&#8221; pin_address_lat=&#8221;48.8783659&#8243; pin_address_lng=&#8221;13.3962372&#8243; _builder_version=&#8221;4.9.3&#8243; _module_preset=&#8221;default&#8221; global_colors_info=&#8221;{}&#8221;]<\/p>\n<p>Wilhelm-Sedlbauer-Str. 2<br \/>94481 Grafenau<\/p>\n<p>[\/et_pb_map_pin][et_pb_map_pin title=&#8221;SEDLBAUER s.r.o.&#8221; pin_address=&#8221;\u010c\u00ed\u010denice 111, 387 71 \u010c\u00ed\u010denice, Tschechien&#8221; pin_address_lat=&#8221;49.151137&#8243; pin_address_lng=&#8221;14.2197226&#8243; _builder_version=&#8221;4.9.3&#8243; _module_preset=&#8221;default&#8221; global_colors_info=&#8221;{}&#8221;]<\/p>\n<p>387 71 \u010ci\u010denice 111<br \/>CZ<\/p>\n<p>[\/et_pb_map_pin][\/et_pb_fullwidth_map][\/et_pb_section]<\/p>\n","protected":false},"excerpt":{"rendered":"<p>&nbsp; &nbsp;Wilhelm-Sedlbauer-Str. 294481 Grafenau387 71 \u010ci\u010denice 111CZ<\/p>\n","protected":false},"author":1,"featured_media":22354,"parent":26413,"menu_order":0,"comment_status":"closed","ping_status":"closed","template":"","meta":{"_acf_changed":false,"_et_pb_use_builder":"on","_et_pb_old_content":"","_et_gb_content_width":"","inline_featured_image":false,"footnotes":""},"class_list":["post-26425","page","type-page","status-publish","has-post-thumbnail","hentry"],"acf":[],"yoast_head":"<!-- This site is optimized with the Yoast SEO plugin v27.2 - https:\/\/yoast.com\/product\/yoast-seo-wordpress\/ -->\n<title>Locations - Sedlbauer<\/title>\n<meta name=\"robots\" content=\"index, follow, max-snippet:-1, max-image-preview:large, max-video-preview:-1\" \/>\n<link rel=\"canonical\" href=\"https:\/\/www.sedlbauer.de\/en\/more\/locations\/\" \/>\n<meta property=\"og:locale\" content=\"en_GB\" \/>\n<meta property=\"og:type\" content=\"article\" \/>\n<meta property=\"og:title\" content=\"Locations - Sedlbauer\" \/>\n<meta property=\"og:description\" content=\"&nbsp; &nbsp;Wilhelm-Sedlbauer-Str. 294481 Grafenau387 71 \u010ci\u010denice 111CZ\" \/>\n<meta property=\"og:site_name\" content=\"Sedlbauer\" \/>\n<meta property=\"article:modified_time\" content=\"2022-05-30T10:29:38+00:00\" \/>\n<meta property=\"og:image\" content=\"https:\/\/www.sedlbauer.de\/wp-content\/uploads\/2021\/11\/sag_firmengebaeude_170717_5.jpg\" \/>\n\t<meta property=\"og:image:width\" content=\"2500\" \/>\n\t<meta property=\"og:image:height\" content=\"1000\" \/>\n\t<meta property=\"og:image:type\" content=\"image\/jpeg\" \/>\n<meta name=\"twitter:card\" content=\"summary_large_image\" \/>\n<meta name=\"twitter:label1\" content=\"Estimated reading time\" \/>\n\t<meta name=\"twitter:data1\" content=\"1 minute\" \/>\n<script type=\"application\/ld+json\" class=\"yoast-schema-graph\">{\"@context\":\"https:\/\/schema.org\",\"@graph\":[{\"@type\":\"WebPage\",\"@id\":\"https:\/\/www.sedlbauer.de\/en\/more\/locations\/\",\"url\":\"https:\/\/www.sedlbauer.de\/en\/more\/locations\/\",\"name\":\"Locations - Sedlbauer\",\"isPartOf\":{\"@id\":\"https:\/\/www.sedlbauer.de\/en\/#website\"},\"primaryImageOfPage\":{\"@id\":\"https:\/\/www.sedlbauer.de\/en\/more\/locations\/#primaryimage\"},\"image\":{\"@id\":\"https:\/\/www.sedlbauer.de\/en\/more\/locations\/#primaryimage\"},\"thumbnailUrl\":\"https:\/\/www.sedlbauer.de\/wp-content\/uploads\/2021\/11\/sag_firmengebaeude_170717_5.jpg\",\"datePublished\":\"2020-10-20T10:29:44+00:00\",\"dateModified\":\"2022-05-30T10:29:38+00:00\",\"breadcrumb\":{\"@id\":\"https:\/\/www.sedlbauer.de\/en\/more\/locations\/#breadcrumb\"},\"inLanguage\":\"en-GB\",\"potentialAction\":[{\"@type\":\"ReadAction\",\"target\":[\"https:\/\/www.sedlbauer.de\/en\/more\/locations\/\"]}]},{\"@type\":\"ImageObject\",\"inLanguage\":\"en-GB\",\"@id\":\"https:\/\/www.sedlbauer.de\/en\/more\/locations\/#primaryimage\",\"url\":\"https:\/\/www.sedlbauer.de\/wp-content\/uploads\/2021\/11\/sag_firmengebaeude_170717_5.jpg\",\"contentUrl\":\"https:\/\/www.sedlbauer.de\/wp-content\/uploads\/2021\/11\/sag_firmengebaeude_170717_5.jpg\",\"width\":2500,\"height\":1000},{\"@type\":\"BreadcrumbList\",\"@id\":\"https:\/\/www.sedlbauer.de\/en\/more\/locations\/#breadcrumb\",\"itemListElement\":[{\"@type\":\"ListItem\",\"position\":1,\"name\":\"Home\",\"item\":\"https:\/\/www.sedlbauer.de\/en\/home-page-2\/\"},{\"@type\":\"ListItem\",\"position\":2,\"name\":\"More\",\"item\":\"https:\/\/www.sedlbauer.de\/en\/more\/\"},{\"@type\":\"ListItem\",\"position\":3,\"name\":\"Locations\"}]},{\"@type\":\"WebSite\",\"@id\":\"https:\/\/www.sedlbauer.de\/en\/#website\",\"url\":\"https:\/\/www.sedlbauer.de\/en\/\",\"name\":\"Sedlbauer\",\"description\":\"We empower your business success with specified solutions.\",\"publisher\":{\"@id\":\"https:\/\/www.sedlbauer.de\/en\/#organization\"},\"potentialAction\":[{\"@type\":\"SearchAction\",\"target\":{\"@type\":\"EntryPoint\",\"urlTemplate\":\"https:\/\/www.sedlbauer.de\/en\/?s={search_term_string}\"},\"query-input\":{\"@type\":\"PropertyValueSpecification\",\"valueRequired\":true,\"valueName\":\"search_term_string\"}}],\"inLanguage\":\"en-GB\"},{\"@type\":\"Organization\",\"@id\":\"https:\/\/www.sedlbauer.de\/en\/#organization\",\"name\":\"Sedlbauer AG\",\"url\":\"https:\/\/www.sedlbauer.de\/en\/\",\"logo\":{\"@type\":\"ImageObject\",\"inLanguage\":\"en-GB\",\"@id\":\"https:\/\/www.sedlbauer.de\/en\/#\/schema\/logo\/image\/\",\"url\":\"\",\"contentUrl\":\"\",\"caption\":\"Sedlbauer AG\"},\"image\":{\"@id\":\"https:\/\/www.sedlbauer.de\/en\/#\/schema\/logo\/image\/\"},\"sameAs\":[\"https:\/\/www.linkedin.com\/company\/sedlbauer-ag-sed-\"]}]}<\/script>\n<!-- \/ Yoast SEO plugin. -->","yoast_head_json":{"title":"Locations - Sedlbauer","robots":{"index":"index","follow":"follow","max-snippet":"max-snippet:-1","max-image-preview":"max-image-preview:large","max-video-preview":"max-video-preview:-1"},"canonical":"https:\/\/www.sedlbauer.de\/en\/more\/locations\/","og_locale":"en_GB","og_type":"article","og_title":"Locations - Sedlbauer","og_description":"&nbsp; &nbsp;Wilhelm-Sedlbauer-Str. 294481 Grafenau387 71 \u010ci\u010denice 111CZ","og_site_name":"Sedlbauer","article_modified_time":"2022-05-30T10:29:38+00:00","og_image":[{"width":2500,"height":1000,"url":"https:\/\/www.sedlbauer.de\/wp-content\/uploads\/2021\/11\/sag_firmengebaeude_170717_5.jpg","type":"image\/jpeg"}],"twitter_card":"summary_large_image","twitter_misc":{"Estimated reading time":"1 minute"},"schema":{"@context":"https:\/\/schema.org","@graph":[{"@type":"WebPage","@id":"https:\/\/www.sedlbauer.de\/en\/more\/locations\/","url":"https:\/\/www.sedlbauer.de\/en\/more\/locations\/","name":"Locations - Sedlbauer","isPartOf":{"@id":"https:\/\/www.sedlbauer.de\/en\/#website"},"primaryImageOfPage":{"@id":"https:\/\/www.sedlbauer.de\/en\/more\/locations\/#primaryimage"},"image":{"@id":"https:\/\/www.sedlbauer.de\/en\/more\/locations\/#primaryimage"},"thumbnailUrl":"https:\/\/www.sedlbauer.de\/wp-content\/uploads\/2021\/11\/sag_firmengebaeude_170717_5.jpg","datePublished":"2020-10-20T10:29:44+00:00","dateModified":"2022-05-30T10:29:38+00:00","breadcrumb":{"@id":"https:\/\/www.sedlbauer.de\/en\/more\/locations\/#breadcrumb"},"inLanguage":"en-GB","potentialAction":[{"@type":"ReadAction","target":["https:\/\/www.sedlbauer.de\/en\/more\/locations\/"]}]},{"@type":"ImageObject","inLanguage":"en-GB","@id":"https:\/\/www.sedlbauer.de\/en\/more\/locations\/#primaryimage","url":"https:\/\/www.sedlbauer.de\/wp-content\/uploads\/2021\/11\/sag_firmengebaeude_170717_5.jpg","contentUrl":"https:\/\/www.sedlbauer.de\/wp-content\/uploads\/2021\/11\/sag_firmengebaeude_170717_5.jpg","width":2500,"height":1000},{"@type":"BreadcrumbList","@id":"https:\/\/www.sedlbauer.de\/en\/more\/locations\/#breadcrumb","itemListElement":[{"@type":"ListItem","position":1,"name":"Home","item":"https:\/\/www.sedlbauer.de\/en\/home-page-2\/"},{"@type":"ListItem","position":2,"name":"More","item":"https:\/\/www.sedlbauer.de\/en\/more\/"},{"@type":"ListItem","position":3,"name":"Locations"}]},{"@type":"WebSite","@id":"https:\/\/www.sedlbauer.de\/en\/#website","url":"https:\/\/www.sedlbauer.de\/en\/","name":"Sedlbauer","description":"We empower your business success with specified solutions.","publisher":{"@id":"https:\/\/www.sedlbauer.de\/en\/#organization"},"potentialAction":[{"@type":"SearchAction","target":{"@type":"EntryPoint","urlTemplate":"https:\/\/www.sedlbauer.de\/en\/?s={search_term_string}"},"query-input":{"@type":"PropertyValueSpecification","valueRequired":true,"valueName":"search_term_string"}}],"inLanguage":"en-GB"},{"@type":"Organization","@id":"https:\/\/www.sedlbauer.de\/en\/#organization","name":"Sedlbauer AG","url":"https:\/\/www.sedlbauer.de\/en\/","logo":{"@type":"ImageObject","inLanguage":"en-GB","@id":"https:\/\/www.sedlbauer.de\/en\/#\/schema\/logo\/image\/","url":"","contentUrl":"","caption":"Sedlbauer AG"},"image":{"@id":"https:\/\/www.sedlbauer.de\/en\/#\/schema\/logo\/image\/"},"sameAs":["https:\/\/www.linkedin.com\/company\/sedlbauer-ag-sed-"]}]}},"_links":{"self":[{"href":"https:\/\/www.sedlbauer.de\/en\/wp-json\/wp\/v2\/pages\/26425","targetHints":{"allow":["GET"]}}],"collection":[{"href":"https:\/\/www.sedlbauer.de\/en\/wp-json\/wp\/v2\/pages"}],"about":[{"href":"https:\/\/www.sedlbauer.de\/en\/wp-json\/wp\/v2\/types\/page"}],"author":[{"embeddable":true,"href":"https:\/\/www.sedlbauer.de\/en\/wp-json\/wp\/v2\/users\/1"}],"replies":[{"embeddable":true,"href":"https:\/\/www.sedlbauer.de\/en\/wp-json\/wp\/v2\/comments?post=26425"}],"version-history":[{"count":3,"href":"https:\/\/www.sedlbauer.de\/en\/wp-json\/wp\/v2\/pages\/26425\/revisions"}],"predecessor-version":[{"id":27649,"href":"https:\/\/www.sedlbauer.de\/en\/wp-json\/wp\/v2\/pages\/26425\/revisions\/27649"}],"up":[{"embeddable":true,"href":"https:\/\/www.sedlbauer.de\/en\/wp-json\/wp\/v2\/pages\/26413"}],"wp:featuredmedia":[{"embeddable":true,"href":"https:\/\/www.sedlbauer.de\/en\/wp-json\/wp\/v2\/media\/22354"}],"wp:attachment":[{"href":"https:\/\/www.sedlbauer.de\/en\/wp-json\/wp\/v2\/media?parent=26425"}],"curies":[{"name":"wp","href":"https:\/\/api.w.org\/{rel}","templated":true}]}}